{"id":29094,"date":"2023-05-07T19:25:40","date_gmt":"2023-05-07T19:25:40","guid":{"rendered":"https:\/\/www.drkcelik.com\/hizmetlerimiz\/"},"modified":"2025-06-13T13:36:46","modified_gmt":"2025-06-13T13:36:46","slug":"our-services","status":"publish","type":"page","link":"https:\/\/www.varislogistics.com\/en\/our-services\/","title":{"rendered":"Our Services"},"content":{"rendered":"\t\t<div data-elementor-type=\"wp-page\" data-elementor-id=\"29094\" class=\"elementor elementor-29094\">\n\t\t\t\t\t\t<section class=\"elementor-section elementor-top-section elementor-element elementor-element-bf1b8fb elementor-section-full_width elementor-section-height-default elementor-section-height-default sc_fly_static\" data-id=\"bf1b8fb\" data-element_type=\"section\">\n\t\t\t\t\t\t<div class=\"elementor-container elementor-column-gap-no\">\n\t\t\t\t\t<div class=\"elementor-column elementor-col-100 elementor-top-column elementor-element elementor-element-8e566db sc_inner_width_none sc_content_align_inherit sc_layouts_column_icons_position_left sc_fly_static\" data-id=\"8e566db\" data-element_type=\"column\">\n\t\t\t<div class=\"elementor-widget-wrap elementor-element-populated\">\n\t\t\t\t\t\t<div class=\"elementor-element elementor-element-c9b52f1 sc_height_small sc_fly_static elementor-widget elementor-widget-spacer\" data-id=\"c9b52f1\" data-element_type=\"widget\" data-widget_type=\"spacer.default\">\n\t\t\t\t<div class=\"elementor-widget-container\">\n\t\t\t\t\t\t\t<div class=\"elementor-spacer\">\n\t\t\t<div class=\"elementor-spacer-inner\"><\/div>\n\t\t<\/div>\n\t\t\t\t\t\t<\/div>\n\t\t\t\t<\/div>\n\t\t\t\t<section class=\"elementor-section elementor-inner-section elementor-element elementor-element-383e7b8 elementor-section-boxed elementor-section-height-default elementor-section-height-default sc_fly_static\" data-id=\"383e7b8\" data-element_type=\"section\">\n\t\t\t\t\t\t<div class=\"elementor-container elementor-column-gap-extended\">\n\t\t\t\t\t<div class=\"elementor-column elementor-col-100 elementor-inner-column elementor-element elementor-element-fc8f3c1 sc_inner_width_none sc_content_align_inherit sc_layouts_column_icons_position_left sc_fly_static\" data-id=\"fc8f3c1\" data-element_type=\"column\">\n\t\t\t<div class=\"elementor-widget-wrap elementor-element-populated\">\n\t\t\t\t\t\t<div class=\"elementor-element elementor-element-fd76b01 animation_type_sequental sc_fly_static elementor-invisible elementor-widget elementor-widget-trx_sc_services\" data-id=\"fd76b01\" data-element_type=\"widget\" data-settings=\"{&quot;_animation&quot;:&quot;wd-fadeinup&quot;,&quot;_animation_delay&quot;:100}\" data-widget_type=\"trx_sc_services.default\">\n\t\t\t\t<div class=\"elementor-widget-container\">\n\t\t\t\t\t<div class=\"sc_services color_style_dark sc_services_hover sc_services_featured_top\"><div  class=\"sc_services_slider sc_item_slider slider_swiper_outer slider_outer slider_outer_nocontrols slider_outer_nopagination slider_outer_nocentered slider_outer_overflow_hidden slider_outer_multi\">\n\t<div  data-slides-per-view-breakpoints=\"{&quot;1024&quot;:2,&quot;999999&quot;:4}\" class=\"slider_container swiper-slider-container slider_swiper slider_noresize slider_nocontrols slider_nopagination slider_nocentered slider_overflow_hidden slider_multi\" data-slides-per-view=\"4\" data-effect=\"slide\" data-slides-min-width=\"200\" data-pagination=\"bullets\" data-direction=\"horizontal\" data-mouse-wheel=\"1\" data-autoplay=\"1\" data-loop=\"1\" data-free-mode=\"0\" data-slides-centered=\"0\" data-slides-overflow=\"0\">\n\t\t<div class=\"slides slider-wrapper swiper-wrapper sc_item_columns_4\"><div class=\"slider-slide swiper-slide\"><div data-post-id=\"29703\" class=\"sc_services_item sc_item_container post_container tilt_action without_content with_image sc_services_item_featured_none post-29703 cpt_services type-cpt_services status-publish has-post-thumbnail hentry cpt_services_group-services\">\n\t\t<div class=\"sc_services_item_content \" style=\"background-image: url(https:\/\/www.varislogistics.com\/wp-content\/uploads\/2022\/10\/abstract-blurred-defocused-tradeshow-event-exhibition-scaled.jpg);\">\n\t\t\t\t<div class=\"sc_services_item_content_inner\">\n\t\t\t\t\t\t<h6 class=\"sc_services_item_title\"><a href=\"https:\/\/www.varislogistics.com\/en\/services\/exhibition-event-logistics\/\">Exhibition &#038; Event Logistics<\/a><\/h6>\n\t\t\t<\/div><a class=\"sc_services_item_link\" href=\"https:\/\/www.varislogistics.com\/en\/services\/exhibition-event-logistics\/\"><\/a><\/div><\/div><\/div><div class=\"slider-slide swiper-slide\"><div data-post-id=\"29688\" class=\"sc_services_item sc_item_container post_container tilt_action without_content with_image sc_services_item_featured_none post-29688 cpt_services type-cpt_services status-publish has-post-thumbnail hentry cpt_services_group-services\">\n\t\t<div class=\"sc_services_item_content \" style=\"background-image: url(https:\/\/www.varislogistics.com\/wp-content\/uploads\/2022\/10\/485.jpg);\">\n\t\t\t\t<div class=\"sc_services_item_content_inner\">\n\t\t\t\t\t\t<h6 class=\"sc_services_item_title\"><a href=\"https:\/\/www.varislogistics.com\/en\/services\/project-cargo-transportation\/\">Project Cargo Transportation<\/a><\/h6>\n\t\t\t<\/div><a class=\"sc_services_item_link\" href=\"https:\/\/www.varislogistics.com\/en\/services\/project-cargo-transportation\/\"><\/a><\/div><\/div><\/div><div class=\"slider-slide swiper-slide\"><div data-post-id=\"29679\" class=\"sc_services_item sc_item_container post_container tilt_action without_content with_image sc_services_item_featured_none post-29679 cpt_services type-cpt_services status-publish has-post-thumbnail hentry cpt_services_group-services\">\n\t\t<div class=\"sc_services_item_content \" style=\"background-image: url(https:\/\/www.varislogistics.com\/wp-content\/uploads\/2023\/03\/34303.jpg);\">\n\t\t\t\t<div class=\"sc_services_item_content_inner\">\n\t\t\t\t\t\t<h6 class=\"sc_services_item_title\"><a href=\"https:\/\/www.varislogistics.com\/en\/services\/road-freight\/\">Road Freight<\/a><\/h6>\n\t\t\t<\/div><a class=\"sc_services_item_link\" href=\"https:\/\/www.varislogistics.com\/en\/services\/road-freight\/\"><\/a><\/div><\/div><\/div><div class=\"slider-slide swiper-slide\"><div data-post-id=\"29677\" class=\"sc_services_item sc_item_container post_container tilt_action without_content with_image sc_services_item_featured_none post-29677 cpt_services type-cpt_services status-publish has-post-thumbnail hentry cpt_services_group-services\">\n\t\t<div class=\"sc_services_item_content \" style=\"background-image: url(https:\/\/www.varislogistics.com\/wp-content\/uploads\/2022\/10\/2481.jpg);\">\n\t\t\t\t<div class=\"sc_services_item_content_inner\">\n\t\t\t\t\t\t<h6 class=\"sc_services_item_title\"><a href=\"https:\/\/www.varislogistics.com\/en\/services\/ocean-freight\/\">Ocean Freight<\/a><\/h6>\n\t\t\t<\/div><a class=\"sc_services_item_link\" href=\"https:\/\/www.varislogistics.com\/en\/services\/ocean-freight\/\"><\/a><\/div><\/div><\/div><div class=\"slider-slide swiper-slide\"><div data-post-id=\"29675\" class=\"sc_services_item sc_item_container post_container tilt_action without_content with_image sc_services_item_featured_none post-29675 cpt_services type-cpt_services status-publish has-post-thumbnail hentry cpt_services_group-services\">\n\t\t<div class=\"sc_services_item_content \" style=\"background-image: url(https:\/\/www.varislogistics.com\/wp-content\/uploads\/2022\/10\/2214.jpg);\">\n\t\t\t\t<div class=\"sc_services_item_content_inner\">\n\t\t\t\t\t\t<h6 class=\"sc_services_item_title\"><a href=\"https:\/\/www.varislogistics.com\/en\/services\/air-freight\/\">Air Freight<\/a><\/h6>\n\t\t\t<\/div><a class=\"sc_services_item_link\" href=\"https:\/\/www.varislogistics.com\/en\/services\/air-freight\/\"><\/a><\/div><\/div><\/div><div class=\"slider-slide swiper-slide\"><div data-post-id=\"29673\" class=\"sc_services_item sc_item_container post_container tilt_action without_content with_image sc_services_item_featured_none post-29673 cpt_services type-cpt_services status-publish has-post-thumbnail hentry cpt_services_group-services\">\n\t\t<div class=\"sc_services_item_content \" style=\"background-image: url(https:\/\/www.varislogistics.com\/wp-content\/uploads\/2022\/10\/2148959670.jpg);\">\n\t\t\t\t<div class=\"sc_services_item_content_inner\">\n\t\t\t\t\t\t<h6 class=\"sc_services_item_title\"><a href=\"https:\/\/www.varislogistics.com\/en\/services\/rail-freight\/\">Rail Freight<\/a><\/h6>\n\t\t\t<\/div><a class=\"sc_services_item_link\" href=\"https:\/\/www.varislogistics.com\/en\/services\/rail-freight\/\"><\/a><\/div><\/div><\/div><div class=\"slider-slide swiper-slide\"><div data-post-id=\"29670\" class=\"sc_services_item sc_item_container post_container tilt_action without_content with_image sc_services_item_featured_none post-29670 cpt_services type-cpt_services status-publish has-post-thumbnail hentry cpt_services_group-services\">\n\t\t<div class=\"sc_services_item_content \" style=\"background-image: url(https:\/\/www.varislogistics.com\/wp-content\/uploads\/2022\/10\/2493.jpg);\">\n\t\t\t\t<div class=\"sc_services_item_content_inner\">\n\t\t\t\t\t\t<h6 class=\"sc_services_item_title\"><a href=\"https:\/\/www.varislogistics.com\/en\/services\/cargo-insurance\/\">Cargo Insurance<\/a><\/h6>\n\t\t\t<\/div><a class=\"sc_services_item_link\" href=\"https:\/\/www.varislogistics.com\/en\/services\/cargo-insurance\/\"><\/a><\/div><\/div><\/div><div class=\"slider-slide swiper-slide\"><div data-post-id=\"26045\" class=\"sc_services_item sc_item_container post_container tilt_action without_content with_image sc_services_item_featured_none post-26045 cpt_services type-cpt_services status-publish has-post-thumbnail hentry cpt_services_group-services\">\n\t\t<div class=\"sc_services_item_content \" style=\"background-image: url(https:\/\/www.varislogistics.com\/wp-content\/uploads\/2025\/06\/mockup1-scaled.jpg);\">\n\t\t\t\t<div class=\"sc_services_item_content_inner\">\n\t\t\t\t\t\t<h6 class=\"sc_services_item_title\"><a href=\"https:\/\/www.varislogistics.com\/en\/services\/express-courier-services\/\">Express Courier Services<\/a><\/h6>\n\t\t\t<\/div><a class=\"sc_services_item_link\" href=\"https:\/\/www.varislogistics.com\/en\/services\/express-courier-services\/\"><\/a><\/div><\/div><\/div><div class=\"slider-slide swiper-slide\"><div data-post-id=\"26051\" class=\"sc_services_item sc_item_container post_container tilt_action without_content with_image sc_services_item_featured_none post-26051 cpt_services type-cpt_services status-publish has-post-thumbnail hentry cpt_services_group-services\">\n\t\t<div class=\"sc_services_item_content \" style=\"background-image: url(https:\/\/www.varislogistics.com\/wp-content\/uploads\/2022\/10\/485.jpg);\">\n\t\t\t\t<div class=\"sc_services_item_content_inner\">\n\t\t\t\t\t\t<h6 class=\"sc_services_item_title\"><a href=\"https:\/\/www.varislogistics.com\/en\/services\/perishable-cargo-transportation\/\">Perishable Cargo Transportation<\/a><\/h6>\n\t\t\t<\/div><a class=\"sc_services_item_link\" href=\"https:\/\/www.varislogistics.com\/en\/services\/perishable-cargo-transportation\/\"><\/a><\/div><\/div><\/div><\/div><\/div><\/div><\/div>\t\t\t\t<\/div>\n\t\t\t\t<\/div>\n\t\t\t\t\t<\/div>\n\t\t<\/div>\n\t\t\t\t\t<\/div>\n\t\t<\/section>\n\t\t\t\t<div class=\"elementor-element elementor-element-a217b4a sc_height_large sc_fly_static elementor-widget elementor-widget-spacer\" data-id=\"a217b4a\" data-element_type=\"widget\" data-widget_type=\"spacer.default\">\n\t\t\t\t<div class=\"elementor-widget-container\">\n\t\t\t\t\t\t\t<div class=\"elementor-spacer\">\n\t\t\t<div class=\"elementor-spacer-inner\"><\/div>\n\t\t<\/div>\n\t\t\t\t\t\t<\/div>\n\t\t\t\t<\/div>\n\t\t\t\t\t<\/div>\n\t\t<\/div>\n\t\t\t\t\t<\/div>\n\t\t<\/section>\n\t\t\t\t<\/div>\n\t\t","protected":false},"excerpt":{"rendered":"<p>\u00c7elik Servis Merkezi Depolama Sevkiyat M\u00fc\u015fteri Teknik Hizmetleri (MTH)<\/p>\n","protected":false},"author":1,"featured_media":0,"parent":0,"menu_order":0,"comment_status":"closed","ping_status":"closed","template":"","meta":{"footnotes":""},"class_list":["post-29094","page","type-page","status-publish","hentry"],"_links":{"self":[{"href":"https:\/\/www.varislogistics.com\/en\/wp-json\/wp\/v2\/pages\/29094","targetHints":{"allow":["GET"]}}],"collection":[{"href":"https:\/\/www.varislogistics.com\/en\/wp-json\/wp\/v2\/pages"}],"about":[{"href":"https:\/\/www.varislogistics.com\/en\/wp-json\/wp\/v2\/types\/page"}],"author":[{"embeddable":true,"href":"https:\/\/www.varislogistics.com\/en\/wp-json\/wp\/v2\/users\/1"}],"replies":[{"embeddable":true,"href":"https:\/\/www.varislogistics.com\/en\/wp-json\/wp\/v2\/comments?post=29094"}],"version-history":[{"count":1,"href":"https:\/\/www.varislogistics.com\/en\/wp-json\/wp\/v2\/pages\/29094\/revisions"}],"predecessor-version":[{"id":29144,"href":"https:\/\/www.varislogistics.com\/en\/wp-json\/wp\/v2\/pages\/29094\/revisions\/29144"}],"wp:attachment":[{"href":"https:\/\/www.varislogistics.com\/en\/wp-json\/wp\/v2\/media?parent=29094"}],"curies":[{"name":"wp","href":"https:\/\/api.w.org\/{rel}","templated":true}]}}